{"id":3502,"date":"2025-05-22T08:32:22","date_gmt":"2025-05-22T08:32:22","guid":{"rendered":"https:\/\/nuumoon.com\/appointment\/"},"modified":"2025-05-22T09:32:01","modified_gmt":"2025-05-22T09:32:01","slug":"appointment","status":"publish","type":"page","link":"https:\/\/nuumoon.com\/en\/appointment\/","title":{"rendered":"Appointment"},"content":{"rendered":"<p>[et_pb_section fb_built=&#8221;1&#8243; _builder_version=&#8221;4.27.4&#8243; _module_preset=&#8221;default&#8221; background_color=&#8221;gcid-deba2e80-a332-4801-9b52-ea2230841680&#8243; z_index=&#8221;1&#8243; custom_margin=&#8221;||||false|false&#8221; custom_padding=&#8221;0px||0px||true|false&#8221; motion_trigger_start=&#8221;top&#8221; global_colors_info=&#8221;{%22gcid-deba2e80-a332-4801-9b52-ea2230841680%22:%91%22background_color%22%93}&#8221;][et_pb_row admin_label=&#8221;Picto&#8221; _builder_version=&#8221;4.27.4&#8243; _module_preset=&#8221;default&#8221; positioning=&#8221;fixed&#8221; position_origin_f=&#8221;bottom_right&#8221; horizontal_offset=&#8221;-12%&#8221; z_index=&#8221;10&#8243; width=&#8221;40%&#8221; width_tablet=&#8221;50%&#8221; width_phone=&#8221;50%&#8221; width_last_edited=&#8221;on|tablet&#8221; max_width=&#8221;40%&#8221; max_width_tablet=&#8221;50%&#8221; max_width_phone=&#8221;50%&#8221; max_width_last_edited=&#8221;on|tablet&#8221; scroll_horizontal_motion=&#8221;0|90|90|90|3|0|0&#8243; scroll_fade_enable=&#8221;on&#8221; scroll_fade=&#8221;0|20|20|30|0%|0%|100%&#8221; motion_trigger_start=&#8221;bottom&#8221; global_colors_info=&#8221;{}&#8221;][et_pb_column type=&#8221;4_4&#8243; _builder_version=&#8221;4.27.4&#8243; _module_preset=&#8221;default&#8221; global_colors_info=&#8221;{}&#8221;][et_pb_image src=&#8221;https:\/\/nuumoon.com\/wp-content\/uploads\/2025\/01\/Nuumoon_Whitegradient_Outlined_Picto.svg&#8221; _builder_version=&#8221;4.27.4&#8243; _module_preset=&#8221;default&#8221; transform_translate=&#8221;0px|58%&#8221; transform_translate_linked=&#8221;off&#8221; custom_margin=&#8221;58px|||||&#8221; global_colors_info=&#8221;{}&#8221;][\/et_pb_image][\/et_pb_column][\/et_pb_row][et_pb_row column_structure=&#8221;2_3,1_3&#8243; use_custom_gutter=&#8221;on&#8221; gutter_width=&#8221;1&#8243; make_equal=&#8221;on&#8221; admin_label=&#8221;Background&#8221; module_class=&#8221;inverse&#8221; _builder_version=&#8221;4.27.4&#8243; _module_preset=&#8221;default&#8221; background_enable_color=&#8221;off&#8221; use_background_color_gradient=&#8221;on&#8221; background_color_gradient_stops=&#8221;rgba(255,255,255,0.96) 0%|rgba(255,255,255,0.97) 99%&#8221; background_color_gradient_overlays_image=&#8221;on&#8221; background_image=&#8221;https:\/\/nuumoon.com\/wp-content\/uploads\/2025\/01\/Nuumoon_Noirgradient_Outlined_Picto.svg&#8221; parallax=&#8221;on&#8221; positioning=&#8221;none&#8221; width=&#8221;100%&#8221; max_width=&#8221;100%&#8221; custom_padding=&#8221;0px||0px||true|false&#8221; scroll_fade=&#8221;0|98|98|100|0|0%|100&#8243; motion_trigger_start=&#8221;top&#8221; global_colors_info=&#8221;{}&#8221;][et_pb_column type=&#8221;2_3&#8243; _builder_version=&#8221;4.27.4&#8243; _module_preset=&#8221;default&#8221; custom_padding=&#8221;8%|12%|8%|12%|true|true&#8221; custom_padding_tablet=&#8221;30px|12%|30px|12%|true|true&#8221; custom_padding_phone=&#8221;50px|12%|50px|12%|true|true&#8221; custom_padding_last_edited=&#8221;on|tablet&#8221; global_colors_info=&#8221;{}&#8221;][et_pb_image src=&#8221;https:\/\/nuumoon.com\/wp-content\/uploads\/2025\/01\/Nuumoon_Noirgradient_Outlined_Picto.svg&#8221; title_text=&#8221;Nuumoon_Noir+gradient_Outlined_Picto&#8221; _builder_version=&#8221;4.27.4&#8243; _module_preset=&#8221;default&#8221; width=&#8221;27%&#8221; global_colors_info=&#8221;{}&#8221;][\/et_pb_image][et_pb_text _builder_version=&#8221;4.27.4&#8243; _module_preset=&#8221;default&#8221; header_2_font=&#8221;Manrope Extrebold|900||on|||||&#8221; header_2_text_color=&#8221;gcid-3558bcb2-cd4e-4f24-a34d-93f3d259c53a&#8221; header_2_font_size=&#8221;3vw&#8221; header_3_font=&#8221;Manrope Extrebold||||||||&#8221; header_3_text_color=&#8221;gcid-b4705617-f0cd-478f-af7d-b1271b75c1b4&#8243; header_3_font_size=&#8221;29px&#8221; custom_margin=&#8221;38px|||||&#8221; animation_style=&#8221;slide&#8221; animation_direction=&#8221;left&#8221; animation_delay=&#8221;100ms&#8221; animation_intensity_slide=&#8221;5%&#8221; animation_speed_curve=&#8221;ease&#8221; hover_enabled=&#8221;0&#8243; header_2_font_size_tablet=&#8221;8vw&#8221; header_2_font_size_phone=&#8221;8vw&#8221; header_2_font_size_last_edited=&#8221;on|tablet&#8221; global_colors_info=&#8221;{%22gcid-3558bcb2-cd4e-4f24-a34d-93f3d259c53a%22:%91%22header_2_text_color%22%93,%22gcid-b4705617-f0cd-478f-af7d-b1271b75c1b4%22:%91%22header_3_text_color%22%93}&#8221; sticky_enabled=&#8221;0&#8243;]<\/p>\n<h3>Contact Us &amp;<\/h3>\n<h2>Make an Appointment<\/h2>\n<p>[\/et_pb_text][et_pb_divider color=&#8221;#007378&#8243; divider_position=&#8221;bottom&#8221; divider_weight=&#8221;2px&#8221; _builder_version=&#8221;4.27.4&#8243; _module_preset=&#8221;default&#8221; width=&#8221;30%&#8221; module_alignment=&#8221;left&#8221; custom_margin=&#8221;-3px||||false|false&#8221; custom_margin_tablet=&#8221;0px||||false|false&#8221; custom_margin_phone=&#8221;0px||||false|false&#8221; custom_margin_last_edited=&#8221;on|tablet&#8221; global_colors_info=&#8221;{}&#8221;][\/et_pb_divider][et_pb_button button_url=&#8221;tel:+41228700222&#8243; button_text=&#8221;Phone: 022 870 02 22&#8243; button_alignment=&#8221;left&#8221; _builder_version=&#8221;4.27.4&#8243; _module_preset=&#8221;default&#8221; custom_button=&#8221;on&#8221; button_text_size=&#8221;22px&#8221; button_text_color=&#8221;gcid-4a2e7ce9-2afb-4dd5-a67c-6338b05042c2&#8243; button_bg_color=&#8221;RGBA(255,255,255,0)&#8221; button_border_width=&#8221;0px&#8221; button_border_radius=&#8221;48px&#8221; button_letter_spacing=&#8221;1px&#8221; button_font=&#8221;Manrope||||||||&#8221; button_icon=&#8221;&#xf095;||fa||900&#8243; button_icon_color=&#8221;gcid-deba2e80-a332-4801-9b52-ea2230841680&#8243; button_on_hover=&#8221;off&#8221; custom_margin=&#8221;50px|||10%|false|false&#8221; custom_padding=&#8221;0px|50px|0px|50px|true|true&#8221; animation_style=&#8221;slide&#8221; animation_direction=&#8221;left&#8221; animation_delay=&#8221;300ms&#8221; animation_intensity_slide=&#8221;5%&#8221; hover_transition_duration=&#8221;800ms&#8221; hover_transition_delay=&#8221;200ms&#8221; hover_enabled=&#8221;0&#8243; custom_css_after=&#8221;content: &#8221;;||  position: absolute;||  top: 50%;|| left: -8px!important;||transform: translateY(-50%) scale(2) !important;||transform-origin: left center !important;||  width: 20px; \/* Diam\u00e8tre du cercle *\/||  height: 20px; \/* Diam\u00e8tre du cercle *\/||  background-color: #ade1d5; \/* Couleur de fond *\/||  border-radius: 50px; \/* Rend le background circulaire *\/||  z-index: -1!important; \/* Place le cercle derri\u00e8re l&#8217;\u00e9l\u00e9ment principal *\/|| transition: width 0.9s cubic-bezier(0.85, 0, 0.15, 1)!important;||text-align: right!important;||line-height: 22px!important;&#8221; global_colors_info=&#8221;{%22gcid-4a2e7ce9-2afb-4dd5-a67c-6338b05042c2%22:%91%22button_text_color%22%93,%22gcid-deba2e80-a332-4801-9b52-ea2230841680%22:%91%22button_icon_color%22%93}&#8221; custom_css_after__hover_enabled=&#8221;on|hover&#8221; custom_css_after__hover=&#8221;width: 50%; \/* Diam\u00e8tre du cercle *\/&#8221; button_text_color__hover_enabled=&#8221;on|hover&#8221; button_text_color__hover=&#8221;#007378&#8243; button_bg_color__hover_enabled=&#8221;on|hover&#8221; button_bg_color__hover=&#8221;RGBA(255,255,255,0)&#8221; button_bg_enable_color__hover=&#8221;on&#8221; sticky_enabled=&#8221;0&#8243;][\/et_pb_button][et_pb_button button_url=&#8221;mailto:ontact@nuumoon.com&#8221; button_text=&#8221;Email: contact@nuumoon.com&#8221; button_alignment=&#8221;left&#8221; _builder_version=&#8221;4.27.4&#8243; _module_preset=&#8221;default&#8221; custom_button=&#8221;on&#8221; button_text_size=&#8221;22px&#8221; button_text_color=&#8221;gcid-4a2e7ce9-2afb-4dd5-a67c-6338b05042c2&#8243; button_bg_color=&#8221;RGBA(255,255,255,0)&#8221; button_border_width=&#8221;0px&#8221; button_border_radius=&#8221;50px&#8221; button_letter_spacing=&#8221;1px&#8221; button_font=&#8221;Manrope||||||||&#8221; button_icon=&#8221;&#xf1d8;||fa||900&#8243; button_icon_color=&#8221;gcid-deba2e80-a332-4801-9b52-ea2230841680&#8243; button_on_hover=&#8221;off&#8221; custom_margin=&#8221;22px|||10%|false|false&#8221; custom_padding=&#8221;0px|50px|0px|50px|true|true&#8221; animation_style=&#8221;slide&#8221; animation_direction=&#8221;left&#8221; animation_delay=&#8221;300ms&#8221; animation_intensity_slide=&#8221;5%&#8221; hover_transition_duration=&#8221;800ms&#8221; hover_transition_delay=&#8221;200ms&#8221; hover_enabled=&#8221;0&#8243; custom_css_after=&#8221;content: &#8221;;||  position: absolute;||  top: 50%;|| left: -8px!important;||transform: translateY(-50%) scale(2) !important;||transform-origin: left center !important;||  width: 20px; \/* Diam\u00e8tre du cercle *\/||  height: 20px; \/* Diam\u00e8tre du cercle *\/||  background-color: #ade1d5; \/* Couleur de fond *\/||  border-radius: 50px; \/* Rend le background circulaire *\/||  z-index: -1!important; \/* Place le cercle derri\u00e8re l&#8217;\u00e9l\u00e9ment principal *\/|| transition: width 0.9s cubic-bezier(0.85, 0, 0.15, 1)!important;||text-align: right!important;||line-height: 22px!important;&#8221; global_colors_info=&#8221;{%22gcid-4a2e7ce9-2afb-4dd5-a67c-6338b05042c2%22:%91%22button_text_color%22%93,%22gcid-deba2e80-a332-4801-9b52-ea2230841680%22:%91%22button_icon_color%22%93}&#8221; custom_css_after__hover_enabled=&#8221;on|hover&#8221; custom_css_after__hover=&#8221;width: 50%; \/* Diam\u00e8tre du cercle *\/&#8221; button_text_color__hover_enabled=&#8221;on|hover&#8221; button_text_color__hover=&#8221;#007378&#8243; button_bg_color__hover_enabled=&#8221;on|hover&#8221; button_bg_color__hover=&#8221;RGBA(255,255,255,0)&#8221; button_bg_enable_color__hover=&#8221;on&#8221; sticky_enabled=&#8221;0&#8243;][\/et_pb_button][\/et_pb_column][et_pb_column type=&#8221;1_3&#8243; _builder_version=&#8221;4.27.4&#8243; _module_preset=&#8221;default&#8221; background_enable_image=&#8221;off&#8221; overflow-x=&#8221;hidden&#8221; overflow-y=&#8221;hidden&#8221; custom_padding_tablet=&#8221;30px||30px||true|false&#8221; custom_padding_phone=&#8221;300px||300px||true|false&#8221; custom_padding_last_edited=&#8221;on|tablet&#8221; animation_style=&#8221;zoom&#8221; animation_direction=&#8221;left&#8221; animation_duration=&#8221;2000ms&#8221; animation_delay=&#8221;200ms&#8221; animation_intensity_zoom=&#8221;-60%&#8221; animation_speed_curve=&#8221;ease&#8221; border_radii=&#8221;off|50%|||&#8221; global_colors_info=&#8221;{}&#8221;][et_pb_image src=&#8221;https:\/\/nuumoon.com\/wp-content\/uploads\/2025\/04\/8awniw182_4.jpg&#8221; alt=&#8221;two girls wearing straw hat&#8221; title_text=&#8221;Photo by Elina Upmane&#8221; show_bottom_space=&#8221;off&#8221; _builder_version=&#8221;4.27.4&#8243; _module_preset=&#8221;default&#8221; transform_scale=&#8221;120%|120%&#8221; positioning=&#8221;absolute&#8221; position_origin_a=&#8221;top_right&#8221; width=&#8221;100%&#8221; height_last_edited=&#8221;off|tablet&#8221; max_height_last_edited=&#8221;off|tablet&#8221; custom_margin=&#8221;-10%||||false|false&#8221; scroll_vertical_motion_enable=&#8221;on&#8221; scroll_vertical_motion=&#8221;0|50|50|100|-0.5|0|0.5&#8243; scroll_scaling=&#8221;0|50|50|100|120%|100|100%&#8221; border_radii=&#8221;off||||&#8221; global_colors_info=&#8221;{}&#8221;][\/et_pb_image][\/et_pb_column][\/et_pb_row][\/et_pb_section][et_pb_section fb_built=&#8221;1&#8243; _builder_version=&#8221;4.27.4&#8243; _module_preset=&#8221;default&#8221; background_color=&#8221;gcid-4a2e7ce9-2afb-4dd5-a67c-6338b05042c2&#8243; z_index=&#8221;1&#8243; custom_margin=&#8221;-1px||||false|false&#8221; custom_padding=&#8221;0px||0px||true|false&#8221; motion_trigger_start=&#8221;top&#8221; global_colors_info=&#8221;{%22gcid-4a2e7ce9-2afb-4dd5-a67c-6338b05042c2%22:%91%22background_color%22%93}&#8221;][et_pb_row column_structure=&#8221;2_5,3_5&#8243; use_custom_gutter=&#8221;on&#8221; gutter_width=&#8221;1&#8243; make_equal=&#8221;on&#8221; admin_label=&#8221;Background&#8221; module_id=&#8221;atm&#8221; module_class=&#8221;inverse&#8221; _builder_version=&#8221;4.27.4&#8243; _module_preset=&#8221;default&#8221; background_enable_color=&#8221;off&#8221; background_enable_image=&#8221;off&#8221; positioning=&#8221;none&#8221; width=&#8221;100%&#8221; max_width=&#8221;100%&#8221; overflow-x=&#8221;hidden&#8221; overflow-y=&#8221;hidden&#8221; custom_padding=&#8221;3px||3px||true|false&#8221; scroll_fade=&#8221;0|98|98|100|0|0%|100&#8243; motion_trigger_start=&#8221;top&#8221; global_colors_info=&#8221;{}&#8221;][et_pb_column type=&#8221;2_5&#8243; _builder_version=&#8221;4.27.4&#8243; _module_preset=&#8221;default&#8221; background_enable_image=&#8221;off&#8221; overflow-x=&#8221;hidden&#8221; overflow-y=&#8221;hidden&#8221; custom_padding_tablet=&#8221;250px||250px||true|false&#8221; custom_padding_phone=&#8221;150px||150px||false|false&#8221; custom_padding_last_edited=&#8221;on|tablet&#8221; animation_style=&#8221;zoom&#8221; animation_direction=&#8221;right&#8221; animation_duration=&#8221;2000ms&#8221; animation_delay=&#8221;200ms&#8221; animation_intensity_zoom=&#8221;-60%&#8221; animation_speed_curve=&#8221;ease&#8221; border_radii=&#8221;off|||50%|&#8221; global_colors_info=&#8221;{}&#8221;][et_pb_image src=&#8221;https:\/\/nuumoon.com\/wp-content\/uploads\/2025\/03\/ndcy2-9jhus.jpg&#8221; alt=&#8221;smiling man sitting on gray rock at daytime&#8221; title_text=&#8221;Photo by Stephanie Tuohy&#8221; show_bottom_space=&#8221;off&#8221; _builder_version=&#8221;4.27.4&#8243; _module_preset=&#8221;default&#8221; transform_scale=&#8221;140%|140%&#8221; positioning=&#8221;absolute&#8221; position_origin_a=&#8221;top_right&#8221; width=&#8221;100%&#8221; custom_margin=&#8221;15%||||false|false&#8221; scroll_vertical_motion_enable=&#8221;on&#8221; scroll_vertical_motion=&#8221;0|50|50|100|-0.5|0|0.5&#8243; scroll_scaling=&#8221;0|50|50|100|120%|100|100%&#8221; border_radii=&#8221;off||||&#8221; global_colors_info=&#8221;{}&#8221;][\/et_pb_image][\/et_pb_column][et_pb_column type=&#8221;3_5&#8243; _builder_version=&#8221;4.27.4&#8243; _module_preset=&#8221;default&#8221; custom_padding=&#8221;3%|12%|3%|3%|true|false&#8221; custom_padding_tablet=&#8221;50px||50px|12%|true|false&#8221; custom_padding_phone=&#8221;50px||50px|12%|true|false&#8221; custom_padding_last_edited=&#8221;on|tablet&#8221; global_colors_info=&#8221;{}&#8221;][et_pb_divider color=&#8221;#ffffff&#8221; divider_weight=&#8221;2px&#8221; _builder_version=&#8221;4.27.4&#8243; _module_preset=&#8221;default&#8221; width=&#8221;30%&#8221; module_alignment=&#8221;left&#8221; custom_margin=&#8221;33px||10px||false|false&#8221; custom_margin_tablet=&#8221;||0px||false|false&#8221; custom_margin_phone=&#8221;||0px||false|false&#8221; custom_margin_last_edited=&#8221;on|tablet&#8221; animation_direction=&#8221;left&#8221; global_colors_info=&#8221;{}&#8221;][\/et_pb_divider][et_pb_text _builder_version=&#8221;4.27.4&#8243; _module_preset=&#8221;default&#8221; header_2_font=&#8221;Manrope Extrebold|900||on|||||&#8221; header_2_text_color=&#8221;#ffffff&#8221; header_2_font_size=&#8221;3vw&#8221; custom_padding=&#8221;||18px|||&#8221; animation_style=&#8221;slide&#8221; animation_direction=&#8221;left&#8221; animation_delay=&#8221;100ms&#8221; animation_intensity_slide=&#8221;5%&#8221; animation_speed_curve=&#8221;ease&#8221; hover_enabled=&#8221;0&#8243; header_2_font_size_tablet=&#8221;8vw&#8221; header_2_font_size_phone=&#8221;8vw&#8221; header_2_font_size_last_edited=&#8221;on|tablet&#8221; global_colors_info=&#8221;{}&#8221; sticky_enabled=&#8221;0&#8243;]<\/p>\n<h2>Access<\/h2>\n<p>[\/et_pb_text][et_pb_divider color=&#8221;#ffffff&#8221; divider_position=&#8221;bottom&#8221; divider_weight=&#8221;2px&#8221; _builder_version=&#8221;4.27.4&#8243; _module_preset=&#8221;default&#8221; width=&#8221;30%&#8221; module_alignment=&#8221;left&#8221; custom_margin=&#8221;10px||||false|false&#8221; custom_margin_tablet=&#8221;0px||||false|false&#8221; custom_margin_phone=&#8221;0px||||false|false&#8221; custom_margin_last_edited=&#8221;on|tablet&#8221; global_colors_info=&#8221;{}&#8221;][\/et_pb_divider][\/et_pb_column][\/et_pb_row][\/et_pb_section][et_pb_section fb_built=&#8221;1&#8243; _builder_version=&#8221;4.27.4&#8243; _module_preset=&#8221;default&#8221; background_color=&#8221;#007378&#8243; z_index=&#8221;0&#8243; custom_margin=&#8221;||||false|false&#8221; custom_padding=&#8221;0px||0px||true|false&#8221; motion_trigger_start=&#8221;top&#8221; global_colors_info=&#8221;{}&#8221;][et_pb_row custom_padding_last_edited=&#8221;on|tablet&#8221; _builder_version=&#8221;4.27.4&#8243; _module_preset=&#8221;default&#8221; background_enable_color=&#8221;off&#8221; positioning=&#8221;absolute&#8221; vertical_offset=&#8221;25%&#8221; z_index=&#8221;1&#8243; vertical_offset_tablet=&#8221;0%&#8221; vertical_offset_phone=&#8221;0%&#8221; vertical_offset_last_edited=&#8221;on|tablet&#8221; position_origin_a_tablet=&#8221;top_center&#8221; position_origin_a_phone=&#8221;top_center&#8221; position_origin_a_last_edited=&#8221;on|tablet&#8221; position_origin_f_tablet=&#8221;&#8221; position_origin_f_phone=&#8221;&#8221; position_origin_f_last_edited=&#8221;on|tablet&#8221; position_origin_r_tablet=&#8221;&#8221; position_origin_r_phone=&#8221;&#8221; position_origin_r_last_edited=&#8221;on|tablet&#8221; width=&#8221;25%&#8221; width_tablet=&#8221;80%&#8221; width_phone=&#8221;80%&#8221; width_last_edited=&#8221;on|tablet&#8221; max_width=&#8221;25%&#8221; max_width_tablet=&#8221;80%&#8221; max_width_phone=&#8221;80%&#8221; max_width_last_edited=&#8221;on|tablet&#8221; overflow-x=&#8221;hidden&#8221; overflow-y=&#8221;hidden&#8221; custom_margin=&#8221;||50px||false|false&#8221; custom_margin_tablet=&#8221;50px||50px||false|false&#8221; custom_margin_phone=&#8221;||||false|false&#8221; custom_margin_last_edited=&#8221;on|phone&#8221; custom_padding=&#8221;||0px|5%|false|false&#8221; custom_padding_tablet=&#8221;||0px|0%|false|false&#8221; custom_padding_phone=&#8221;||0px|0%|false|false&#8221; positioning_tablet=&#8221;absolute&#8221; positioning_phone=&#8221;absolute&#8221; positioning_last_edited=&#8221;on|tablet&#8221; global_colors_info=&#8221;{}&#8221;][et_pb_column type=&#8221;4_4&#8243; _builder_version=&#8221;4.27.4&#8243; _module_preset=&#8221;default&#8221; global_colors_info=&#8221;{}&#8221;][et_pb_text _builder_version=&#8221;4.27.4&#8243; _module_preset=&#8221;default&#8221; header_2_font=&#8221;Manrope Extrebold|900||on|||||&#8221; header_2_text_align=&#8221;right&#8221; header_2_text_color=&#8221;#ffffff&#8221; header_2_font_size=&#8221;3vw&#8221; custom_margin=&#8221;||0px||false|false&#8221; custom_margin_tablet=&#8221;||0px||false|false&#8221; custom_margin_last_edited=&#8221;off|tablet&#8221; animation_style=&#8221;slide&#8221; animation_direction=&#8221;left&#8221; animation_delay=&#8221;100ms&#8221; animation_intensity_slide=&#8221;5%&#8221; animation_speed_curve=&#8221;ease&#8221; header_2_text_align_tablet=&#8221;center&#8221; header_2_text_align_phone=&#8221;center&#8221; header_2_text_align_last_edited=&#8221;on|tablet&#8221; header_2_font_size_tablet=&#8221;8vw&#8221; header_2_font_size_phone=&#8221;8vw&#8221; header_2_font_size_last_edited=&#8221;on|tablet&#8221; global_colors_info=&#8221;{}&#8221;]<\/p>\n<h2>INSIGHTS<\/h2>\n<p>[\/et_pb_text][et_pb_text _builder_version=&#8221;4.27.4&#8243; _module_preset=&#8221;default&#8221; text_font=&#8221;Manrope||||||||&#8221; text_text_color=&#8221;#ffffff&#8221; text_font_size=&#8221;22px&#8221; header_2_font=&#8221;Manrope Extrebold|900||on|||||&#8221; header_2_text_color=&#8221;#ffffff&#8221; header_2_font_size=&#8221;62px&#8221; text_orientation=&#8221;right&#8221; custom_margin=&#8221;||||false|false&#8221; custom_padding=&#8221;3px||41px|||&#8221; animation_style=&#8221;slide&#8221; animation_direction=&#8221;bottom&#8221; animation_delay=&#8221;500ms&#8221; animation_speed_curve=&#8221;ease&#8221; text_orientation_tablet=&#8221;center&#8221; text_orientation_phone=&#8221;center&#8221; text_orientation_last_edited=&#8221;on|tablet&#8221; global_colors_info=&#8221;{}&#8221;]<\/p>\n<p>Content for children<\/p>\n<p>[\/et_pb_text][\/et_pb_column][\/et_pb_row][\/et_pb_section]<\/p>\n","protected":false},"excerpt":{"rendered":"<p>Contact Us &amp; Make an AppointmentAccessINSIGHTSContent for children<\/p>\n","protected":false},"author":1,"featured_media":0,"parent":0,"menu_order":0,"comment_status":"closed","ping_status":"closed","template":"","meta":{"_et_pb_use_builder":"on","_et_pb_old_content":"","_et_gb_content_width":"","inline_featured_image":false,"footnotes":""},"class_list":["post-3502","page","type-page","status-publish","hentry"],"_links":{"self":[{"href":"https:\/\/nuumoon.com\/en\/wp-json\/wp\/v2\/pages\/3502","targetHints":{"allow":["GET"]}}],"collection":[{"href":"https:\/\/nuumoon.com\/en\/wp-json\/wp\/v2\/pages"}],"about":[{"href":"https:\/\/nuumoon.com\/en\/wp-json\/wp\/v2\/types\/page"}],"author":[{"embeddable":true,"href":"https:\/\/nuumoon.com\/en\/wp-json\/wp\/v2\/users\/1"}],"replies":[{"embeddable":true,"href":"https:\/\/nuumoon.com\/en\/wp-json\/wp\/v2\/comments?post=3502"}],"version-history":[{"count":2,"href":"https:\/\/nuumoon.com\/en\/wp-json\/wp\/v2\/pages\/3502\/revisions"}],"predecessor-version":[{"id":3504,"href":"https:\/\/nuumoon.com\/en\/wp-json\/wp\/v2\/pages\/3502\/revisions\/3504"}],"wp:attachment":[{"href":"https:\/\/nuumoon.com\/en\/wp-json\/wp\/v2\/media?parent=3502"}],"curies":[{"name":"wp","href":"https:\/\/api.w.org\/{rel}","templated":true}]}}